{"id":312,"date":"2021-08-26T16:22:24","date_gmt":"2021-08-26T16:22:24","guid":{"rendered":"http:\/\/dummy.xtemos.com\/woodmart2\/elementor\/?post_type=product&#038;p=312"},"modified":"2025-09-08T20:23:31","modified_gmt":"2025-09-08T23:23:31","slug":"smart-watches-wood-edition","status":"publish","type":"product","link":"https:\/\/crearyte.com\/?product=smart-watches-wood-edition","title":{"rendered":"Mesa Canela Breya"},"content":{"rendered":"","protected":false},"excerpt":{"rendered":"<p>Con tonos suaves y vetas sutiles, la Mesa Canela Breya irradia frescura y naturalidad. Su estructura firme y acabado artesanal hacen de cada pieza un reflejo \u00fanico de la madera maciza. Perfecta para acompa\u00f1ar tus d\u00edas, desde un desayuno tranquilo hasta una noche de sobremesa con amigos.<\/p>\n","protected":false},"featured_media":29068,"comment_status":"open","ping_status":"closed","template":"","meta":[],"product_brand":[],"product_cat":[20],"product_tag":[],"class_list":{"0":"post-312","1":"product","2":"type-product","3":"status-publish","4":"has-post-thumbnail","6":"product_cat-mesas","8":"first","9":"instock","10":"shipping-taxable","11":"product-type-simple"},"_links":{"self":[{"href":"https:\/\/crearyte.com\/index.php?rest_route=\/wp\/v2\/product\/312","targetHints":{"allow":["GET"]}}],"collection":[{"href":"https:\/\/crearyte.com\/index.php?rest_route=\/wp\/v2\/product"}],"about":[{"href":"https:\/\/crearyte.com\/index.php?rest_route=\/wp\/v2\/types\/product"}],"replies":[{"embeddable":true,"href":"https:\/\/crearyte.com\/index.php?rest_route=%2Fwp%2Fv2%2Fcomments&post=312"}],"version-history":[{"count":7,"href":"https:\/\/crearyte.com\/index.php?rest_route=\/wp\/v2\/product\/312\/revisions"}],"predecessor-version":[{"id":29337,"href":"https:\/\/crearyte.com\/index.php?rest_route=\/wp\/v2\/product\/312\/revisions\/29337"}],"wp:featuredmedia":[{"embeddable":true,"href":"https:\/\/crearyte.com\/index.php?rest_route=\/wp\/v2\/media\/29068"}],"wp:attachment":[{"href":"https:\/\/crearyte.com\/index.php?rest_route=%2Fwp%2Fv2%2Fmedia&parent=312"}],"wp:term":[{"taxonomy":"product_brand","embeddable":true,"href":"https:\/\/crearyte.com\/index.php?rest_route=%2Fwp%2Fv2%2Fproduct_brand&post=312"},{"taxonomy":"product_cat","embeddable":true,"href":"https:\/\/crearyte.com\/index.php?rest_route=%2Fwp%2Fv2%2Fproduct_cat&post=312"},{"taxonomy":"product_tag","embeddable":true,"href":"https:\/\/crearyte.com\/index.php?rest_route=%2Fwp%2Fv2%2Fproduct_tag&post=312"}],"curies":[{"name":"wp","href":"https:\/\/api.w.org\/{rel}","templated":true}]}}