{"id":29227,"date":"2025-08-18T15:57:16","date_gmt":"2025-08-18T18:57:16","guid":{"rendered":"https:\/\/crearyte.com\/?post_type=product&#038;p=29227"},"modified":"2025-08-18T15:57:25","modified_gmt":"2025-08-18T18:57:25","slug":"ratona-guatambu","status":"publish","type":"product","link":"https:\/\/crearyte.com\/?product=ratona-guatambu","title":{"rendered":"Ratona Guatamb\u00fa"},"content":{"rendered":"","protected":false},"excerpt":{"rendered":"<p>La calidez del Guatamb\u00fa se refleja en su superficie de vetas \u00fanicas y suaves tonalidades. Su dise\u00f1o robusto, con patas s\u00f3lidas de madera maciza, ofrece estabilidad y elegancia atemporal. Perfecta para quienes buscan un mueble que combine funcionalidad y estilo natural.<\/p>\n","protected":false},"featured_media":29228,"comment_status":"open","ping_status":"closed","template":"","meta":[],"product_brand":[],"product_cat":[37],"product_tag":[],"class_list":{"0":"post-29227","1":"product","2":"type-product","3":"status-publish","4":"has-post-thumbnail","6":"product_cat-ratonas","8":"first","9":"instock","10":"shipping-taxable","11":"product-type-simple"},"_links":{"self":[{"href":"https:\/\/crearyte.com\/index.php?rest_route=\/wp\/v2\/product\/29227","targetHints":{"allow":["GET"]}}],"collection":[{"href":"https:\/\/crearyte.com\/index.php?rest_route=\/wp\/v2\/product"}],"about":[{"href":"https:\/\/crearyte.com\/index.php?rest_route=\/wp\/v2\/types\/product"}],"replies":[{"embeddable":true,"href":"https:\/\/crearyte.com\/index.php?rest_route=%2Fwp%2Fv2%2Fcomments&post=29227"}],"version-history":[{"count":1,"href":"https:\/\/crearyte.com\/index.php?rest_route=\/wp\/v2\/product\/29227\/revisions"}],"predecessor-version":[{"id":29229,"href":"https:\/\/crearyte.com\/index.php?rest_route=\/wp\/v2\/product\/29227\/revisions\/29229"}],"wp:featuredmedia":[{"embeddable":true,"href":"https:\/\/crearyte.com\/index.php?rest_route=\/wp\/v2\/media\/29228"}],"wp:attachment":[{"href":"https:\/\/crearyte.com\/index.php?rest_route=%2Fwp%2Fv2%2Fmedia&parent=29227"}],"wp:term":[{"taxonomy":"product_brand","embeddable":true,"href":"https:\/\/crearyte.com\/index.php?rest_route=%2Fwp%2Fv2%2Fproduct_brand&post=29227"},{"taxonomy":"product_cat","embeddable":true,"href":"https:\/\/crearyte.com\/index.php?rest_route=%2Fwp%2Fv2%2Fproduct_cat&post=29227"},{"taxonomy":"product_tag","embeddable":true,"href":"https:\/\/crearyte.com\/index.php?rest_route=%2Fwp%2Fv2%2Fproduct_tag&post=29227"}],"curies":[{"name":"wp","href":"https:\/\/api.w.org\/{rel}","templated":true}]}}