{"id":29194,"date":"2025-08-18T15:11:43","date_gmt":"2025-08-18T18:11:43","guid":{"rendered":"https:\/\/crearyte.com\/?post_type=product&#038;p=29194"},"modified":"2025-08-18T15:11:43","modified_gmt":"2025-08-18T18:11:43","slug":"mesa-petiribi","status":"publish","type":"product","link":"https:\/\/crearyte.com\/?product=mesa-petiribi","title":{"rendered":"Mesa Petirib\u00ed"},"content":{"rendered":"","protected":false},"excerpt":{"rendered":"<p>Petirib\u00ed macizo con vetas marcadas y tono dorado natural. Su dise\u00f1o simple y funcional resalta la nobleza del material y aporta calidez a cualquier espacio de reuni\u00f3n.<\/p>\n","protected":false},"featured_media":29195,"comment_status":"open","ping_status":"closed","template":"","meta":[],"product_brand":[],"product_cat":[20],"product_tag":[],"class_list":{"0":"post-29194","1":"product","2":"type-product","3":"status-publish","4":"has-post-thumbnail","6":"product_cat-mesas","8":"first","9":"instock","10":"shipping-taxable","11":"product-type-simple"},"_links":{"self":[{"href":"https:\/\/crearyte.com\/index.php?rest_route=\/wp\/v2\/product\/29194","targetHints":{"allow":["GET"]}}],"collection":[{"href":"https:\/\/crearyte.com\/index.php?rest_route=\/wp\/v2\/product"}],"about":[{"href":"https:\/\/crearyte.com\/index.php?rest_route=\/wp\/v2\/types\/product"}],"replies":[{"embeddable":true,"href":"https:\/\/crearyte.com\/index.php?rest_route=%2Fwp%2Fv2%2Fcomments&post=29194"}],"version-history":[{"count":1,"href":"https:\/\/crearyte.com\/index.php?rest_route=\/wp\/v2\/product\/29194\/revisions"}],"predecessor-version":[{"id":29196,"href":"https:\/\/crearyte.com\/index.php?rest_route=\/wp\/v2\/product\/29194\/revisions\/29196"}],"wp:featuredmedia":[{"embeddable":true,"href":"https:\/\/crearyte.com\/index.php?rest_route=\/wp\/v2\/media\/29195"}],"wp:attachment":[{"href":"https:\/\/crearyte.com\/index.php?rest_route=%2Fwp%2Fv2%2Fmedia&parent=29194"}],"wp:term":[{"taxonomy":"product_brand","embeddable":true,"href":"https:\/\/crearyte.com\/index.php?rest_route=%2Fwp%2Fv2%2Fproduct_brand&post=29194"},{"taxonomy":"product_cat","embeddable":true,"href":"https:\/\/crearyte.com\/index.php?rest_route=%2Fwp%2Fv2%2Fproduct_cat&post=29194"},{"taxonomy":"product_tag","embeddable":true,"href":"https:\/\/crearyte.com\/index.php?rest_route=%2Fwp%2Fv2%2Fproduct_tag&post=29194"}],"curies":[{"name":"wp","href":"https:\/\/api.w.org\/{rel}","templated":true}]}}