{"id":29191,"date":"2025-08-18T15:10:24","date_gmt":"2025-08-18T18:10:24","guid":{"rendered":"https:\/\/crearyte.com\/?post_type=product&#038;p=29191"},"modified":"2025-08-18T15:10:25","modified_gmt":"2025-08-18T18:10:25","slug":"mesa-pieza-unica-en-lapacho","status":"publish","type":"product","link":"https:\/\/crearyte.com\/?product=mesa-pieza-unica-en-lapacho","title":{"rendered":"Mesa Pieza \u00fanica en lapacho"},"content":{"rendered":"","protected":false},"excerpt":{"rendered":"<p>Tabl\u00f3n de lapacho de borde natural, con vetas profundas y personalidad propia. Cada l\u00ednea cuenta su historia, dando como resultado una pieza irrepetible que se convierte en protagonista del espacio.<\/p>\n","protected":false},"featured_media":29192,"comment_status":"open","ping_status":"closed","template":"","meta":[],"product_brand":[],"product_cat":[20],"product_tag":[],"class_list":{"0":"post-29191","1":"product","2":"type-product","3":"status-publish","4":"has-post-thumbnail","6":"product_cat-mesas","8":"first","9":"instock","10":"shipping-taxable","11":"product-type-simple"},"_links":{"self":[{"href":"https:\/\/crearyte.com\/index.php?rest_route=\/wp\/v2\/product\/29191","targetHints":{"allow":["GET"]}}],"collection":[{"href":"https:\/\/crearyte.com\/index.php?rest_route=\/wp\/v2\/product"}],"about":[{"href":"https:\/\/crearyte.com\/index.php?rest_route=\/wp\/v2\/types\/product"}],"replies":[{"embeddable":true,"href":"https:\/\/crearyte.com\/index.php?rest_route=%2Fwp%2Fv2%2Fcomments&post=29191"}],"version-history":[{"count":1,"href":"https:\/\/crearyte.com\/index.php?rest_route=\/wp\/v2\/product\/29191\/revisions"}],"predecessor-version":[{"id":29193,"href":"https:\/\/crearyte.com\/index.php?rest_route=\/wp\/v2\/product\/29191\/revisions\/29193"}],"wp:featuredmedia":[{"embeddable":true,"href":"https:\/\/crearyte.com\/index.php?rest_route=\/wp\/v2\/media\/29192"}],"wp:attachment":[{"href":"https:\/\/crearyte.com\/index.php?rest_route=%2Fwp%2Fv2%2Fmedia&parent=29191"}],"wp:term":[{"taxonomy":"product_brand","embeddable":true,"href":"https:\/\/crearyte.com\/index.php?rest_route=%2Fwp%2Fv2%2Fproduct_brand&post=29191"},{"taxonomy":"product_cat","embeddable":true,"href":"https:\/\/crearyte.com\/index.php?rest_route=%2Fwp%2Fv2%2Fproduct_cat&post=29191"},{"taxonomy":"product_tag","embeddable":true,"href":"https:\/\/crearyte.com\/index.php?rest_route=%2Fwp%2Fv2%2Fproduct_tag&post=29191"}],"curies":[{"name":"wp","href":"https:\/\/api.w.org\/{rel}","templated":true}]}}