{"id":29176,"date":"2025-08-18T15:02:49","date_gmt":"2025-08-18T18:02:49","guid":{"rendered":"https:\/\/crearyte.com\/?post_type=product&#038;p=29176"},"modified":"2025-08-18T15:02:49","modified_gmt":"2025-08-18T18:02:49","slug":"mesa-lonja","status":"publish","type":"product","link":"https:\/\/crearyte.com\/?product=mesa-lonja","title":{"rendered":"Mesa Lonja"},"content":{"rendered":"","protected":false},"excerpt":{"rendered":"<p>Madera maciza con terminaciones artesanales y un dise\u00f1o que resalta imperfecciones naturales como parte de su car\u00e1cter. Su base en forma de marco le da firmeza y una est\u00e9tica contempor\u00e1nea que invita a compartir momentos.<\/p>\n","protected":false},"featured_media":29177,"comment_status":"open","ping_status":"closed","template":"","meta":[],"product_brand":[],"product_cat":[20],"product_tag":[],"class_list":{"0":"post-29176","1":"product","2":"type-product","3":"status-publish","4":"has-post-thumbnail","6":"product_cat-mesas","8":"first","9":"instock","10":"shipping-taxable","11":"product-type-simple"},"_links":{"self":[{"href":"https:\/\/crearyte.com\/index.php?rest_route=\/wp\/v2\/product\/29176","targetHints":{"allow":["GET"]}}],"collection":[{"href":"https:\/\/crearyte.com\/index.php?rest_route=\/wp\/v2\/product"}],"about":[{"href":"https:\/\/crearyte.com\/index.php?rest_route=\/wp\/v2\/types\/product"}],"replies":[{"embeddable":true,"href":"https:\/\/crearyte.com\/index.php?rest_route=%2Fwp%2Fv2%2Fcomments&post=29176"}],"version-history":[{"count":1,"href":"https:\/\/crearyte.com\/index.php?rest_route=\/wp\/v2\/product\/29176\/revisions"}],"predecessor-version":[{"id":29178,"href":"https:\/\/crearyte.com\/index.php?rest_route=\/wp\/v2\/product\/29176\/revisions\/29178"}],"wp:featuredmedia":[{"embeddable":true,"href":"https:\/\/crearyte.com\/index.php?rest_route=\/wp\/v2\/media\/29177"}],"wp:attachment":[{"href":"https:\/\/crearyte.com\/index.php?rest_route=%2Fwp%2Fv2%2Fmedia&parent=29176"}],"wp:term":[{"taxonomy":"product_brand","embeddable":true,"href":"https:\/\/crearyte.com\/index.php?rest_route=%2Fwp%2Fv2%2Fproduct_brand&post=29176"},{"taxonomy":"product_cat","embeddable":true,"href":"https:\/\/crearyte.com\/index.php?rest_route=%2Fwp%2Fv2%2Fproduct_cat&post=29176"},{"taxonomy":"product_tag","embeddable":true,"href":"https:\/\/crearyte.com\/index.php?rest_route=%2Fwp%2Fv2%2Fproduct_tag&post=29176"}],"curies":[{"name":"wp","href":"https:\/\/api.w.org\/{rel}","templated":true}]}}