{"id":29173,"date":"2025-08-18T15:01:38","date_gmt":"2025-08-18T18:01:38","guid":{"rendered":"https:\/\/crearyte.com\/?post_type=product&#038;p=29173"},"modified":"2025-08-18T15:01:38","modified_gmt":"2025-08-18T18:01:38","slug":"mesa-rectangular","status":"publish","type":"product","link":"https:\/\/crearyte.com\/?product=mesa-rectangular","title":{"rendered":"Mesa Rectangular"},"content":{"rendered":"","protected":false},"excerpt":{"rendered":"<p>Mesa de madera maciza con vetas naturales a la vista y encastres artesanales. Su dise\u00f1o robusto y c\u00e1lido convierte cada reuni\u00f3n en un momento especial.<\/p>\n","protected":false},"featured_media":29174,"comment_status":"open","ping_status":"closed","template":"","meta":[],"product_brand":[],"product_cat":[20],"product_tag":[],"class_list":{"0":"post-29173","1":"product","2":"type-product","3":"status-publish","4":"has-post-thumbnail","6":"product_cat-mesas","8":"first","9":"instock","10":"shipping-taxable","11":"product-type-simple"},"_links":{"self":[{"href":"https:\/\/crearyte.com\/index.php?rest_route=\/wp\/v2\/product\/29173","targetHints":{"allow":["GET"]}}],"collection":[{"href":"https:\/\/crearyte.com\/index.php?rest_route=\/wp\/v2\/product"}],"about":[{"href":"https:\/\/crearyte.com\/index.php?rest_route=\/wp\/v2\/types\/product"}],"replies":[{"embeddable":true,"href":"https:\/\/crearyte.com\/index.php?rest_route=%2Fwp%2Fv2%2Fcomments&post=29173"}],"version-history":[{"count":1,"href":"https:\/\/crearyte.com\/index.php?rest_route=\/wp\/v2\/product\/29173\/revisions"}],"predecessor-version":[{"id":29175,"href":"https:\/\/crearyte.com\/index.php?rest_route=\/wp\/v2\/product\/29173\/revisions\/29175"}],"wp:featuredmedia":[{"embeddable":true,"href":"https:\/\/crearyte.com\/index.php?rest_route=\/wp\/v2\/media\/29174"}],"wp:attachment":[{"href":"https:\/\/crearyte.com\/index.php?rest_route=%2Fwp%2Fv2%2Fmedia&parent=29173"}],"wp:term":[{"taxonomy":"product_brand","embeddable":true,"href":"https:\/\/crearyte.com\/index.php?rest_route=%2Fwp%2Fv2%2Fproduct_brand&post=29173"},{"taxonomy":"product_cat","embeddable":true,"href":"https:\/\/crearyte.com\/index.php?rest_route=%2Fwp%2Fv2%2Fproduct_cat&post=29173"},{"taxonomy":"product_tag","embeddable":true,"href":"https:\/\/crearyte.com\/index.php?rest_route=%2Fwp%2Fv2%2Fproduct_tag&post=29173"}],"curies":[{"name":"wp","href":"https:\/\/api.w.org\/{rel}","templated":true}]}}