{"id":29131,"date":"2025-08-09T21:06:13","date_gmt":"2025-08-10T00:06:13","guid":{"rendered":"https:\/\/crearyte.com\/?post_type=product&#038;p=29131"},"modified":"2025-08-23T22:10:39","modified_gmt":"2025-08-24T01:10:39","slug":"mesa-piezas-enterizas","status":"publish","type":"product","link":"https:\/\/crearyte.com\/?product=mesa-piezas-enterizas","title":{"rendered":"Mesa piezas enterizas"},"content":{"rendered":"","protected":false},"excerpt":{"rendered":"<p>La fuerza y belleza de la madera en su forma m\u00e1s pura. Conformada por piezas enterizas, esta mesa resalta las vetas naturales y \u00fanicas que solo el tiempo puede dibujar. Su presencia imponente y su calidez invitan a compartir, convirti\u00e9ndose en el centro de reuniones, charlas y momentos que perduran.<\/p>\n","protected":false},"featured_media":29132,"comment_status":"open","ping_status":"closed","template":"","meta":[],"product_brand":[],"product_cat":[20],"product_tag":[],"class_list":{"0":"post-29131","1":"product","2":"type-product","3":"status-publish","4":"has-post-thumbnail","6":"product_cat-mesas","8":"first","9":"instock","10":"shipping-taxable","11":"product-type-simple"},"_links":{"self":[{"href":"https:\/\/crearyte.com\/index.php?rest_route=\/wp\/v2\/product\/29131","targetHints":{"allow":["GET"]}}],"collection":[{"href":"https:\/\/crearyte.com\/index.php?rest_route=\/wp\/v2\/product"}],"about":[{"href":"https:\/\/crearyte.com\/index.php?rest_route=\/wp\/v2\/types\/product"}],"replies":[{"embeddable":true,"href":"https:\/\/crearyte.com\/index.php?rest_route=%2Fwp%2Fv2%2Fcomments&post=29131"}],"version-history":[{"count":1,"href":"https:\/\/crearyte.com\/index.php?rest_route=\/wp\/v2\/product\/29131\/revisions"}],"predecessor-version":[{"id":29133,"href":"https:\/\/crearyte.com\/index.php?rest_route=\/wp\/v2\/product\/29131\/revisions\/29133"}],"wp:featuredmedia":[{"embeddable":true,"href":"https:\/\/crearyte.com\/index.php?rest_route=\/wp\/v2\/media\/29132"}],"wp:attachment":[{"href":"https:\/\/crearyte.com\/index.php?rest_route=%2Fwp%2Fv2%2Fmedia&parent=29131"}],"wp:term":[{"taxonomy":"product_brand","embeddable":true,"href":"https:\/\/crearyte.com\/index.php?rest_route=%2Fwp%2Fv2%2Fproduct_brand&post=29131"},{"taxonomy":"product_cat","embeddable":true,"href":"https:\/\/crearyte.com\/index.php?rest_route=%2Fwp%2Fv2%2Fproduct_cat&post=29131"},{"taxonomy":"product_tag","embeddable":true,"href":"https:\/\/crearyte.com\/index.php?rest_route=%2Fwp%2Fv2%2Fproduct_tag&post=29131"}],"curies":[{"name":"wp","href":"https:\/\/api.w.org\/{rel}","templated":true}]}}